{"id":3047,"date":"2023-04-12T13:14:05","date_gmt":"2023-04-12T16:14:05","guid":{"rendered":"https:\/\/laceliawines.com\/?page_id=3047"},"modified":"2023-05-19T09:35:09","modified_gmt":"2023-05-19T12:35:09","slug":"terroir-la-consulta","status":"publish","type":"page","link":"https:\/\/laceliawines.com\/pt-br\/os-nossos-vinhos\/terroir-la-consulta\/","title":{"rendered":"Terroir La Consulta"},"content":{"rendered":"<p><div class=\"fusion-fullwidth fullwidth-box fusion-builder-row-1 fusion-flex-container has-pattern-background has-mask-background nonhundred-percent-fullwidth non-hundred-percent-height-scrolling\" style=\"--awb-border-radius-top-left:0px;--awb-border-radius-top-right:0px;--awb-border-radius-bottom-right:0px;--awb-border-radius-bottom-left:0px;--awb-padding-top:0px;--awb-padding-right:0px;--awb-padding-bottom:50px;--awb-padding-left:0px;--awb-margin-top:0px;--awb-margin-bottom:0px;--awb-flex-wrap:wrap;\" ><div class=\"fusion-builder-row fusion-row fusion-flex-align-items-flex-start fusion-flex-content-wrap\" style=\"max-width:1144px;margin-left: calc(-4% \/ 2 );margin-right: calc(-4% \/ 2 );\"><div class=\"fusion-layout-column fusion_builder_column fusion-builder-column-0 fusion_builder_column_1_1 1_1 fusion-flex-column\" style=\"--awb-padding-right:50px;--awb-padding-left:50px;--awb-bg-size:cover;--awb-transform-origin:100% 50%;--awb-transition:filter 1000ms ease-in, transform 1000ms ease-in, background-color 1000ms ease-in, border-color 1000ms ease-in;--awb-width-large:100%;--awb-margin-top-large:0px;--awb-spacing-right-large:1.92%;--awb-margin-bottom-large:50px;--awb-spacing-left-large:0px;--awb-width-medium:100%;--awb-order-medium:0;--awb-spacing-right-medium:1.92%;--awb-spacing-left-medium:0px;--awb-width-small:100%;--awb-order-small:0;--awb-spacing-right-small:1.92%;--awb-spacing-left-small:1.92%;\"><div class=\"fusion-column-wrapper fusion-column-has-shadow fusion-flex-justify-content-flex-start fusion-content-layout-column\"><div class=\"fusion-text fusion-text-1 fusion-animated\" style=\"--awb-content-alignment:center;--awb-font-size:1.5em;\" data-animationType=\"fadeInUp\" data-animationDuration=\"1.0\" data-animationDelay=\"0.5\" data-animationOffset=\"top-into-view\"><p>Apresenta uma atrativa cor rubi com um perfil arom\u00e1tico complexo e multifacetado, onde a fruta vai cedendo lugar aos aromas do envelhecimento, com notas minerais t\u00edpicas como grafite e p\u00f3lvora.<\/p>\n<\/div><\/div><\/div><div class=\"fusion-layout-column fusion_builder_column fusion-builder-column-1 fusion_builder_column_2_5 2_5 fusion-flex-column fusion-animated\" style=\"--awb-padding-top:0px;--awb-padding-right:0px;--awb-padding-bottom:0px;--awb-padding-left:0px;--awb-bg-image:url(&#039;https:\/\/laceliawines.com\/wp-content\/uploads\/2023\/04\/LC_LaConsulta_1500.jpg&#039;);--awb-bg-position:center bottom;--awb-bg-size:cover;--awb-width-large:40%;--awb-margin-top-large:0px;--awb-spacing-right-large:0px;--awb-margin-bottom-large:0px;--awb-spacing-left-large:0px;--awb-width-medium:33.333333333333%;--awb-order-medium:0;--awb-spacing-right-medium:0px;--awb-spacing-left-medium:0px;--awb-width-small:100%;--awb-order-small:0;--awb-spacing-right-small:0px;--awb-spacing-left-small:0px;\" data-animationType=\"fadeInLeft\" data-animationDuration=\"1.0\" data-animationDelay=\"0.5\" data-animationOffset=\"top-into-view\"><div class=\"fusion-column-wrapper fusion-column-has-shadow fusion-flex-justify-content-center fusion-content-layout-column fusion-empty-column-bg-image fusion-column-has-bg-image\" data-bg-url=\"https:\/\/laceliawines.com\/wp-content\/uploads\/2023\/04\/LC_LaConsulta_1500.jpg\"><img decoding=\"async\" class=\"fusion-empty-dims-img-placeholder\" aria-label=\"LC_LaConsulta_1500\" src=\"data:image\/svg+xml,%3Csvg%20xmlns%3D%27http%3A%2F%2Fwww.w3.org%2F2000%2Fsvg%27%20width%3D%271000%27%20height%3D%271500%27%20viewBox%3D%270%200%201000%201500%27%3E%3Crect%20width%3D%271000%27%20height%3D%271500%27%20fill-opacity%3D%220%22%2F%3E%3C%2Fsvg%3E\"><\/div><\/div><div class=\"fusion-layout-column fusion_builder_column fusion-builder-column-2 fusion_builder_column_3_5 3_5 fusion-flex-column fusion-animated\" style=\"--awb-padding-right:50px;--awb-padding-left:50px;--awb-bg-size:cover;--awb-width-large:60%;--awb-margin-top-large:0px;--awb-spacing-right-large:3.2%;--awb-margin-bottom-large:0px;--awb-spacing-left-large:3.2%;--awb-width-medium:66.666666666667%;--awb-order-medium:0;--awb-spacing-right-medium:2.88%;--awb-spacing-left-medium:2.88%;--awb-width-small:100%;--awb-order-small:0;--awb-spacing-right-small:1.92%;--awb-spacing-left-small:1.92%;\" data-animationType=\"fadeInRight\" data-animationDuration=\"1.0\" data-animationDelay=\"0.5\" data-animationOffset=\"top-into-view\"><div class=\"fusion-column-wrapper fusion-column-has-shadow fusion-flex-justify-content-flex-start fusion-content-layout-column\"><div class=\"fusion-builder-row fusion-builder-row-inner fusion-row fusion-flex-align-items-flex-start fusion-flex-content-wrap\" style=\"width:104% !important;max-width:104% !important;margin-left: calc(-4% \/ 2 );margin-right: calc(-4% \/ 2 );\"><div class=\"fusion-layout-column fusion_builder_column_inner fusion-builder-nested-column-0 fusion_builder_column_inner_1_1 1_1 fusion-flex-column\" style=\"--awb-padding-left:20px;--awb-bg-size:cover;--awb-border-color:var(--awb-color3);--awb-border-left:2px;--awb-border-style:solid;--awb-width-large:100%;--awb-margin-top-large:0px;--awb-spacing-right-large:1.92%;--awb-margin-bottom-large:20px;--awb-spacing-left-large:1.92%;--awb-width-medium:100%;--awb-order-medium:0;--awb-spacing-right-medium:1.92%;--awb-spacing-left-medium:1.92%;--awb-width-small:100%;--awb-order-small:0;--awb-spacing-right-small:1.92%;--awb-spacing-left-small:1.92%;\"><div class=\"fusion-column-wrapper fusion-column-has-shadow fusion-flex-justify-content-flex-start fusion-content-layout-column\"><div class=\"fusion-title title fusion-title-1 fusion-sep-none fusion-title-text fusion-title-size-three\"><h3 class=\"fusion-title-heading title-heading-left\" style=\"margin:0;text-transform:uppercase;\">La Consulta<\/h3><\/div><div class=\"fusion-text fusion-text-2\"><p>Na boca se manifestam os taninos reativos t\u00edpicos da regi\u00e3o, com um final longo e persistente.<\/p>\n<\/div><\/div><\/div><\/div><div class=\"fusion-text fusion-text-3\"><h4>PRODU\u00c7\u00c3O E ENVELHECIMENTO<\/h4>\n<p>As uvas s\u00e3o 100% colhidas \u00e0 m\u00e3o durante o pico de maturidade.<br \/>\nA fermenta\u00e7\u00e3o alco\u00f3lica ocorre a 26\u00b0C por 10 dias, 100% malol\u00e1tica.<br \/>\nO vinho \u00e9 movimentado manualmente e h\u00e1 degusta\u00e7\u00f5es di\u00e1rias.<br \/>\nVinifica\u00e7\u00e3o cl\u00e1ssica com um total de 20 dias de macera\u00e7\u00e3o e vinifica\u00e7\u00e3o em cubas de madeira.<br \/>\nO primeiro envelhecimento (oxidativo) decorre ao longo de 24 meses em barricas de carvalho franc\u00eas. O segundo envelhecimento (redutor) \u00e9 feito em garrafa durante 18 meses.<\/p>\n<h4>HARMONIZA\u00c7\u00c3O E SERVI\u00c7O<\/h4>\n<p>Temperatura ideal para servir: 16\u00baC<\/p>\n<\/div><div ><a class=\"fusion-button button-flat button-small button-default fusion-button-default button-1 fusion-button-default-span fusion-button-default-type\" target=\"_self\" href=\"https:\/\/laceliawines.com\/pt-br\/premios\/#la-consulta\"><span class=\"fusion-button-text\">PR\u00caMIOS<\/span><\/a><\/div><\/div><\/div><\/div><\/div><div class=\"fusion-fullwidth fullwidth-box fusion-builder-row-2 fusion-flex-container has-pattern-background has-mask-background reverse-cols nonhundred-percent-fullwidth non-hundred-percent-height-scrolling\" style=\"--awb-border-radius-top-left:0px;--awb-border-radius-top-right:0px;--awb-border-radius-bottom-right:0px;--awb-border-radius-bottom-left:0px;--awb-padding-top:50px;--awb-padding-right:25px;--awb-padding-bottom:50px;--awb-padding-left:25px;--awb-background-color:var(--awb-color5);--awb-flex-wrap:wrap;\" ><div class=\"fusion-builder-row fusion-row fusion-flex-align-items-flex-start fusion-flex-content-wrap\" style=\"max-width:1144px;margin-left: calc(-4% \/ 2 );margin-right: calc(-4% \/ 2 );\"><div class=\"fusion-layout-column fusion_builder_column fusion-builder-column-3 fusion_builder_column_1_1 1_1 fusion-flex-column fusion-flex-align-self-center\" style=\"--awb-bg-size:cover;--awb-width-large:100%;--awb-margin-top-large:0px;--awb-spacing-right-large:4.8%;--awb-margin-bottom-large:20px;--awb-spacing-left-large:1.92%;--awb-width-medium:100%;--awb-order-medium:0;--awb-spacing-right-medium:4.8%;--awb-spacing-left-medium:1.92%;--awb-width-small:100%;--awb-order-small:0;--awb-spacing-right-small:1.92%;--awb-spacing-left-small:1.92%;\"><div class=\"fusion-column-wrapper fusion-column-has-shadow fusion-flex-justify-content-center fusion-content-layout-column\"><div class=\"fusion-title title fusion-title-2 fusion-sep-none fusion-title-center fusion-title-text fusion-title-size-three\" style=\"--awb-text-color:var(--awb-color1);--awb-font-size:2em;\"><h3 class=\"fusion-title-heading title-heading-center\" style=\"margin:0;font-size:1em;text-transform:uppercase;\">OUTROS VINHOS DE TERROIR<\/h3><\/div><div class=\"fusion-text fusion-text-4\" style=\"--awb-content-alignment:center;--awb-font-size:22px;--awb-text-color:var(--awb-color3);\"><div class=\"page\" title=\"Page 1\">\n<div class=\"section\">\n<div class=\"layoutArea\">\n<div class=\"column\">\n<div class=\"page\" title=\"Page 1\">\n<div class=\"section\">\n<div class=\"layoutArea\">\n<div class=\"column\">\n<p>Tres suelos, tres vinos.<\/p>\n<\/div>\n<\/div>\n<\/div>\n<\/div>\n<\/div>\n<\/div>\n<\/div>\n<\/div>\n<\/div><\/div><\/div><div class=\"fusion-layout-column fusion_builder_column fusion-builder-column-4 fusion_builder_column_1_6 1_6 fusion-flex-column\" style=\"--awb-bg-size:cover;--awb-width-large:16.666666666667%;--awb-margin-top-large:0px;--awb-spacing-right-large:11.52%;--awb-margin-bottom-large:20px;--awb-spacing-left-large:11.52%;--awb-width-medium:16.666666666667%;--awb-order-medium:0;--awb-spacing-right-medium:11.52%;--awb-spacing-left-medium:11.52%;--awb-width-small:100%;--awb-order-small:0;--awb-spacing-right-small:1.92%;--awb-spacing-left-small:1.92%;\"><div class=\"fusion-column-wrapper fusion-column-has-shadow fusion-flex-justify-content-flex-start fusion-content-layout-column\"><\/div><\/div><div class=\"fusion-layout-column fusion_builder_column fusion-builder-column-5 fusion_builder_column_1_3 1_3 fusion-flex-column fusion-animated\" style=\"--awb-bg-size:cover;--awb-width-large:33.333333333333%;--awb-margin-top-large:0px;--awb-spacing-right-large:5.76%;--awb-margin-bottom-large:20px;--awb-spacing-left-large:5.76%;--awb-width-medium:33.333333333333%;--awb-order-medium:0;--awb-spacing-right-medium:5.76%;--awb-spacing-left-medium:5.76%;--awb-width-small:100%;--awb-order-small:0;--awb-spacing-right-small:1.92%;--awb-spacing-left-small:1.92%;\" data-animationType=\"fadeInLeft\" data-animationDuration=\"1.0\" data-animationDelay=\"0.5\" data-animationOffset=\"top-into-view\"><div class=\"fusion-column-wrapper fusion-column-has-shadow fusion-flex-justify-content-flex-start fusion-content-layout-column\"><div class=\"fusion-image-element \" style=\"text-align:center;--awb-caption-title-color:var(--awb-color1);--awb-caption-text-size:14px;--awb-caption-text-transform:uppercase;--awb-caption-overlay-color:rgba(0,0,0,0.7);--awb-max-width:250px;--awb-caption-title-font-family:var(--h3_typography-font-family);--awb-caption-title-font-weight:var(--h3_typography-font-weight);--awb-caption-title-font-style:var(--h3_typography-font-style);--awb-caption-title-size:1.5em;--awb-caption-title-transform:uppercase;--awb-caption-title-line-height:var(--h3_typography-line-height);--awb-caption-title-letter-spacing:var(--h3_typography-letter-spacing);--awb-caption-text-font-family:&quot;Gotham Light&quot;;--awb-caption-text-font-style:normal;--awb-caption-text-font-weight:400;\"><span class=\" fusion-imageframe imageframe-none imageframe-1 awb-imageframe-style awb-imageframe-style-schantel vino-terruno\" style=\"border:1px solid var(--awb-color3);\"><a class=\"fusion-no-lightbox\" href=\"https:\/\/laceliawines.com\/pt-br\/os-nossos-vinhos\/terroir-paraje-altamira\/\" target=\"_self\"><img decoding=\"async\" alt=\"La Celia - Paraje Altamira\" src=\"https:\/\/laceliawines.com\/wp-content\/uploads\/2023\/04\/LC_ParajeAltamira_1500.jpg\" class=\"img-responsive wp-image-729\"\/><div class=\"awb-imageframe-caption-container\"><div class=\"awb-imageframe-caption\"><h3 class=\"awb-imageframe-caption-title\">Paraje Altamira<\/h3><p class=\"awb-imageframe-caption-text\">ver m\u00e1s<\/p><\/div><\/div><\/a><\/span><\/div><\/div><\/div><div class=\"fusion-layout-column fusion_builder_column fusion-builder-column-6 fusion_builder_column_1_3 1_3 fusion-flex-column fusion-animated\" style=\"--awb-bg-size:cover;--awb-width-large:33.333333333333%;--awb-margin-top-large:0px;--awb-spacing-right-large:5.76%;--awb-margin-bottom-large:20px;--awb-spacing-left-large:5.76%;--awb-width-medium:33.333333333333%;--awb-order-medium:0;--awb-spacing-right-medium:5.76%;--awb-spacing-left-medium:5.76%;--awb-width-small:100%;--awb-order-small:0;--awb-spacing-right-small:1.92%;--awb-spacing-left-small:1.92%;\" data-animationType=\"fadeInRight\" data-animationDuration=\"1.0\" data-animationDelay=\"0.5\" data-animationOffset=\"top-into-view\"><div class=\"fusion-column-wrapper fusion-column-has-shadow fusion-flex-justify-content-flex-start fusion-content-layout-column\"><div class=\"fusion-image-element \" style=\"text-align:center;--awb-caption-title-color:var(--awb-color1);--awb-caption-text-size:14px;--awb-caption-text-transform:uppercase;--awb-caption-overlay-color:rgba(0,0,0,0.7);--awb-max-width:250px;--awb-caption-title-font-family:var(--h3_typography-font-family);--awb-caption-title-font-weight:var(--h3_typography-font-weight);--awb-caption-title-font-style:var(--h3_typography-font-style);--awb-caption-title-size:1.5em;--awb-caption-title-transform:uppercase;--awb-caption-title-line-height:var(--h3_typography-line-height);--awb-caption-title-letter-spacing:var(--h3_typography-letter-spacing);--awb-caption-text-font-family:&quot;Gotham Light&quot;;--awb-caption-text-font-style:normal;--awb-caption-text-font-weight:400;\"><span class=\" fusion-imageframe imageframe-none imageframe-2 awb-imageframe-style awb-imageframe-style-schantel vino-terruno\" style=\"border:1px solid var(--awb-color3);\"><a class=\"fusion-no-lightbox\" href=\"https:\/\/laceliawines.com\/pt-br\/os-nossos-vinhos\/terruno-eugenio-bustos\/\" target=\"_self\"><img decoding=\"async\" alt=\"La Celia - Eugenio Bustos\" src=\"https:\/\/laceliawines.com\/wp-content\/uploads\/2023\/04\/LC_EugenioBustos_1500.jpg\" class=\"img-responsive wp-image-725\"\/><div class=\"awb-imageframe-caption-container\"><div class=\"awb-imageframe-caption\"><h3 class=\"awb-imageframe-caption-title\">Eugenio Bustos<\/h3><p class=\"awb-imageframe-caption-text\">ver m\u00e1s<\/p><\/div><\/div><\/a><\/span><\/div><\/div><\/div><div class=\"fusion-layout-column fusion_builder_column fusion-builder-column-7 fusion_builder_column_1_6 1_6 fusion-flex-column\" style=\"--awb-bg-size:cover;--awb-width-large:16.666666666667%;--awb-margin-top-large:0px;--awb-spacing-right-large:11.52%;--awb-margin-bottom-large:20px;--awb-spacing-left-large:11.52%;--awb-width-medium:16.666666666667%;--awb-order-medium:0;--awb-spacing-right-medium:11.52%;--awb-spacing-left-medium:11.52%;--awb-width-small:100%;--awb-order-small:0;--awb-spacing-right-small:1.92%;--awb-spacing-left-small:1.92%;\"><div class=\"fusion-column-wrapper fusion-column-has-shadow fusion-flex-justify-content-flex-start fusion-content-layout-column\"><\/div><\/div><\/div><\/div><div class=\"fusion-fullwidth fullwidth-box fusion-builder-row-3 fusion-flex-container has-pattern-background has-mask-background nonhundred-percent-fullwidth non-hundred-percent-height-scrolling\" style=\"--awb-border-sizes-top:5px;--awb-border-radius-top-left:0px;--awb-border-radius-top-right:0px;--awb-border-radius-bottom-right:0px;--awb-border-radius-bottom-left:0px;--awb-padding-top:50px;--awb-padding-right:50px;--awb-padding-bottom:50px;--awb-padding-left:50px;--awb-background-color:var(--awb-custom_color_1);--awb-flex-wrap:wrap;\" ><div class=\"fusion-builder-row fusion-row fusion-flex-align-items-flex-start fusion-flex-content-wrap\" style=\"max-width:1144px;margin-left: calc(-4% \/ 2 );margin-right: calc(-4% \/ 2 );\"><div class=\"fusion-layout-column fusion_builder_column fusion-builder-column-8 fusion_builder_column_1_1 1_1 fusion-flex-column\" style=\"--awb-padding-right:25px;--awb-padding-left:25px;--awb-bg-size:cover;--awb-width-large:100%;--awb-margin-top-large:0px;--awb-spacing-right-large:1.92%;--awb-margin-bottom-large:20px;--awb-spacing-left-large:1.92%;--awb-width-medium:66.666666666667%;--awb-order-medium:0;--awb-spacing-right-medium:2.88%;--awb-spacing-left-medium:2.88%;--awb-width-small:100%;--awb-order-small:0;--awb-spacing-right-small:1.92%;--awb-spacing-left-small:1.92%;\"><div class=\"fusion-column-wrapper fusion-column-has-shadow fusion-flex-justify-content-flex-start fusion-content-layout-column\"><div class=\"fusion-title title fusion-title-3 fusion-sep-none fusion-title-center fusion-title-text fusion-title-size-four fusion-animated\" style=\"--awb-text-color:var(--awb-color5);--awb-margin-top:50px;--awb-margin-bottom:50px;--awb-font-size:2em;\" data-animationType=\"fadeInUp\" data-animationDuration=\"1.0\" data-animationDelay=\"0.5\" data-animationOffset=\"top-into-view\"><h4 class=\"fusion-title-heading title-heading-center\" style=\"font-family:&quot;adobe-jenson-pro-display&quot;;font-style:normal;font-weight:400;margin:0;font-size:1em;\">M\u00e1s de 130 a\u00f1os criando <em>vinos de excelencia.<\/em><\/h4><\/div><\/div><\/div><\/div><\/div><\/p>\n","protected":false},"excerpt":{"rendered":"","protected":false},"author":1,"featured_media":0,"parent":2886,"menu_order":0,"comment_status":"closed","ping_status":"closed","template":"100-width.php","meta":{"footnotes":""},"class_list":["post-3047","page","type-page","status-publish","hentry"],"_links":{"self":[{"href":"https:\/\/laceliawines.com\/pt-br\/wp-json\/wp\/v2\/pages\/3047","targetHints":{"allow":["GET"]}}],"collection":[{"href":"https:\/\/laceliawines.com\/pt-br\/wp-json\/wp\/v2\/pages"}],"about":[{"href":"https:\/\/laceliawines.com\/pt-br\/wp-json\/wp\/v2\/types\/page"}],"author":[{"embeddable":true,"href":"https:\/\/laceliawines.com\/pt-br\/wp-json\/wp\/v2\/users\/1"}],"replies":[{"embeddable":true,"href":"https:\/\/laceliawines.com\/pt-br\/wp-json\/wp\/v2\/comments?post=3047"}],"version-history":[{"count":5,"href":"https:\/\/laceliawines.com\/pt-br\/wp-json\/wp\/v2\/pages\/3047\/revisions"}],"predecessor-version":[{"id":3911,"href":"https:\/\/laceliawines.com\/pt-br\/wp-json\/wp\/v2\/pages\/3047\/revisions\/3911"}],"up":[{"embeddable":true,"href":"https:\/\/laceliawines.com\/pt-br\/wp-json\/wp\/v2\/pages\/2886"}],"wp:attachment":[{"href":"https:\/\/laceliawines.com\/pt-br\/wp-json\/wp\/v2\/media?parent=3047"}],"curies":[{"name":"wp","href":"https:\/\/api.w.org\/{rel}","templated":true}]}}